{"id":661,"date":"2023-07-15T15:12:34","date_gmt":"2023-07-15T13:12:34","guid":{"rendered":"https:\/\/soluce-coaching.com\/?page_id=661"},"modified":"2025-04-02T10:59:22","modified_gmt":"2025-04-02T08:59:22","slug":"charte-de-deontologie","status":"publish","type":"page","link":"https:\/\/soluce-coaching.com\/index.php\/charte-de-deontologie\/","title":{"rendered":"Charte de d\u00e9ontologie"},"content":{"rendered":"\t\t<div data-elementor-type=\"wp-post\" data-elementor-id=\"661\" class=\"elementor elementor-661\" data-elementor-settings=\"{&quot;ha_cmc_init_switcher&quot;:&quot;no&quot;}\">\n\t\t\t\t<div class=\"elementor-element elementor-element-78fa0e3 e-con-full e-flex wpr-particle-no wpr-jarallax-no wpr-parallax-no wpr-sticky-section-no e-con e-parent\" data-id=\"78fa0e3\" data-element_type=\"container\" data-settings=\"{&quot;_ha_eqh_enable&quot;:false}\">\n\t\t\t\t<div class=\"elementor-element elementor-element-7042519 elementor-widget-divider--separator-type-pattern elementor-widget-divider--no-spacing elementor-widget-divider--view-line elementor-widget elementor-widget-divider\" data-id=\"7042519\" data-element_type=\"widget\" data-widget_type=\"divider.default\">\n\t\t\t\t<div class=\"elementor-widget-container\">\n\t\t\t\t\t\t\t<div class=\"elementor-divider\" style=\"--divider-pattern-url: url(&quot;data:image\/svg+xml,%3Csvg xmlns=&#039;http:\/\/www.w3.org\/2000\/svg&#039; preserveAspectRatio=&#039;xMidYMid meet&#039; overflow=&#039;visible&#039; height=&#039;100%&#039; viewBox=&#039;0 0 126 26&#039; fill=&#039;black&#039; stroke=&#039;none&#039;%3E%3Cpath d=&#039;M3,10.2c2.6,0,2.6,2,2.6,3.2S4.4,16.5,3,16.5s-3-1.4-3-3.2S0.4,10.2,3,10.2z M18.8,10.2c1.7,0,3.2,1.4,3.2,3.2s-1.4,3.2-3.2,3.2c-1.7,0-3.2-1.4-3.2-3.2S17,10.2,18.8,10.2z M34.6,10.2c1.5,0,2.6,1.4,2.6,3.2s-0.5,3.2-1.9,3.2c-1.5,0-3.4-1.4-3.4-3.2S33.1,10.2,34.6,10.2z M50.5,10.2c1.7,0,3.2,1.4,3.2,3.2s-1.4,3.2-3.2,3.2c-1.7,0-3.3-0.9-3.3-2.6S48.7,10.2,50.5,10.2z M66.2,10.2c1.5,0,3.4,1.4,3.4,3.2s-1.9,3.2-3.4,3.2c-1.5,0-2.6-0.4-2.6-2.1S64.8,10.2,66.2,10.2z M82.2,10.2c1.7,0.8,2.6,1.4,2.6,3.2s-0.1,3.2-1.6,3.2c-1.5,0-3.7-1.4-3.7-3.2S80.5,9.4,82.2,10.2zM98.6,10.2c1.5,0,2.6,0.4,2.6,2.1s-1.2,4.2-2.6,4.2c-1.5,0-3.7-0.4-3.7-2.1S97.1,10.2,98.6,10.2z M113.4,10.2c1.2,0,2.2,0.9,2.2,3.2s-0.1,3.2-1.3,3.2s-3.1-1.4-3.1-3.2S112.2,10.2,113.4,10.2z&#039;\/%3E%3C\/svg%3E&quot;);\">\n\t\t\t<span class=\"elementor-divider-separator\">\n\t\t\t\t\t\t<\/span>\n\t\t<\/div>\n\t\t\t\t\t\t<\/div>\n\t\t\t\t<\/div>\n\t\t\t\t<\/div>\n\t\t<div class=\"elementor-element elementor-element-31adab1 e-flex e-con-boxed wpr-particle-no wpr-jarallax-no wpr-parallax-no wpr-sticky-section-no e-con e-parent\" data-id=\"31adab1\" data-element_type=\"container\" data-settings=\"{&quot;_ha_eqh_enable&quot;:false}\">\n\t\t\t\t\t<div class=\"e-con-inner\">\n\t\t<div class=\"elementor-element elementor-element-844acca e-con-full e-flex wpr-particle-no wpr-jarallax-no wpr-parallax-no wpr-sticky-section-no e-con e-child\" data-id=\"844acca\" data-element_type=\"container\" data-settings=\"{&quot;_ha_eqh_enable&quot;:false}\">\n\t\t<div class=\"elementor-element elementor-element-32a6e4a e-flex e-con-boxed wpr-particle-no wpr-jarallax-no wpr-parallax-no wpr-sticky-section-no e-con e-child\" data-id=\"32a6e4a\" data-element_type=\"container\" data-settings=\"{&quot;_ha_eqh_enable&quot;:false}\">\n\t\t\t\t\t<div class=\"e-con-inner\">\n\t\t\t\t<div class=\"elementor-element elementor-element-cad75ea elementor-widget elementor-widget-heading\" data-id=\"cad75ea\" data-element_type=\"widget\" data-widget_type=\"heading.default\">\n\t\t\t\t<div class=\"elementor-widget-container\">\n\t\t\t\t\t<h1 class=\"elementor-heading-title elementor-size-default\">Ma charte de d\u00e9ontologie de coach professionnel<\/h1>\t\t\t\t<\/div>\n\t\t\t\t<\/div>\n\t\t\t\t\t<\/div>\n\t\t\t\t<\/div>\n\t\t\t\t<\/div>\n\t\t\t\t\t<\/div>\n\t\t\t\t<\/div>\n\t\t<div class=\"elementor-element elementor-element-00d7b63 e-flex e-con-boxed wpr-particle-no wpr-jarallax-no wpr-parallax-no wpr-sticky-section-no e-con e-parent\" data-id=\"00d7b63\" data-element_type=\"container\" data-settings=\"{&quot;_ha_eqh_enable&quot;:false}\">\n\t\t\t\t\t<div class=\"e-con-inner\">\n\t\t\t\t<div class=\"elementor-element elementor-element-8493735 elementor-widget__width-inherit elementor-widget elementor-widget-image\" data-id=\"8493735\" data-element_type=\"widget\" data-widget_type=\"image.default\">\n\t\t\t\t<div class=\"elementor-widget-container\">\n\t\t\t\t\t\t\t\t\t\t\t\t\t\t\t<img fetchpriority=\"high\" decoding=\"async\" width=\"724\" height=\"1024\" src=\"https:\/\/soluce-coaching.com\/wp-content\/uploads\/2024\/05\/Charte-de-deontologie-724x1024.webp\" class=\"attachment-large size-large wp-image-4110\" alt=\"Ma charte de d\u00e9ontologie\" srcset=\"https:\/\/soluce-coaching.com\/wp-content\/uploads\/2024\/05\/Charte-de-deontologie-724x1024.webp 724w, https:\/\/soluce-coaching.com\/wp-content\/uploads\/2024\/05\/Charte-de-deontologie-212x300.webp 212w, https:\/\/soluce-coaching.com\/wp-content\/uploads\/2024\/05\/Charte-de-deontologie-768x1086.webp 768w, https:\/\/soluce-coaching.com\/wp-content\/uploads\/2024\/05\/Charte-de-deontologie-1086x1536.webp 1086w, https:\/\/soluce-coaching.com\/wp-content\/uploads\/2024\/05\/Charte-de-deontologie.webp 1357w\" sizes=\"(max-width: 724px) 100vw, 724px\" \/>\t\t\t\t\t\t\t\t\t\t\t\t\t\t\t<\/div>\n\t\t\t\t<\/div>\n\t\t\t\t\t<\/div>\n\t\t\t\t<\/div>\n\t\t<div class=\"elementor-element elementor-element-8f7e39c e-flex e-con-boxed wpr-particle-no wpr-jarallax-no wpr-parallax-no wpr-sticky-section-no e-con e-parent\" data-id=\"8f7e39c\" data-element_type=\"container\" data-settings=\"{&quot;_ha_eqh_enable&quot;:false}\">\n\t\t\t\t\t<div class=\"e-con-inner\">\n\t\t<div class=\"elementor-element elementor-element-5ac7fb6 e-flex e-con-boxed wpr-particle-no wpr-jarallax-no wpr-parallax-no wpr-sticky-section-no e-con e-child\" data-id=\"5ac7fb6\" data-element_type=\"container\" data-settings=\"{&quot;_ha_eqh_enable&quot;:false}\">\n\t\t\t\t\t<div class=\"e-con-inner\">\n\t\t<div class=\"elementor-element elementor-element-7449341 e-con-full e-flex wpr-particle-no wpr-jarallax-no wpr-parallax-no wpr-sticky-section-no e-con e-child\" data-id=\"7449341\" data-element_type=\"container\" data-settings=\"{&quot;_ha_eqh_enable&quot;:false}\">\n\t\t\t\t<div class=\"elementor-element elementor-element-ff5e27a elementor-widget elementor-widget-button\" data-id=\"ff5e27a\" data-element_type=\"widget\" data-widget_type=\"button.default\">\n\t\t\t\t<div class=\"elementor-widget-container\">\n\t\t\t\t\t\t\t\t\t<div class=\"elementor-button-wrapper\">\n\t\t\t\t\t<a class=\"elementor-button elementor-button-link elementor-size-sm\" href=\"https:\/\/soluce-coaching.com\/\">\n\t\t\t\t\t\t<span class=\"elementor-button-content-wrapper\">\n\t\t\t\t\t\t\t\t\t<span class=\"elementor-button-text\">Retour accueil<\/span>\n\t\t\t\t\t<\/span>\n\t\t\t\t\t<\/a>\n\t\t\t\t<\/div>\n\t\t\t\t\t\t\t\t<\/div>\n\t\t\t\t<\/div>\n\t\t\t\t<\/div>\n\t\t<div class=\"elementor-element elementor-element-ac023a4 e-con-full e-flex wpr-particle-no wpr-jarallax-no wpr-parallax-no wpr-sticky-section-no e-con e-child\" data-id=\"ac023a4\" data-element_type=\"container\" data-settings=\"{&quot;_ha_eqh_enable&quot;:false}\">\n\t\t\t\t<div class=\"elementor-element elementor-element-36817ac elementor-widget elementor-widget-button\" data-id=\"36817ac\" data-element_type=\"widget\" data-widget_type=\"button.default\">\n\t\t\t\t<div class=\"elementor-widget-container\">\n\t\t\t\t\t\t\t\t\t<div class=\"elementor-button-wrapper\">\n\t\t\t\t\t<a class=\"elementor-button elementor-button-link elementor-size-sm\" href=\"https:\/\/priorise.fr\/praticiens\/lola-monaco\/\">\n\t\t\t\t\t\t<span class=\"elementor-button-content-wrapper\">\n\t\t\t\t\t\t\t\t\t<span class=\"elementor-button-text\">Prendre rdv<\/span>\n\t\t\t\t\t<\/span>\n\t\t\t\t\t<\/a>\n\t\t\t\t<\/div>\n\t\t\t\t\t\t\t\t<\/div>\n\t\t\t\t<\/div>\n\t\t\t\t<\/div>\n\t\t\t\t\t<\/div>\n\t\t\t\t<\/div>\n\t\t\t\t\t<\/div>\n\t\t\t\t<\/div>\n\t\t<div class=\"elementor-element elementor-element-e99f0e5 e-con-full e-flex wpr-particle-no wpr-jarallax-no wpr-parallax-no wpr-sticky-section-no e-con e-parent\" data-id=\"e99f0e5\" data-element_type=\"container\" data-settings=\"{&quot;_ha_eqh_enable&quot;:false}\">\n\t\t\t\t<div class=\"elementor-element elementor-element-331e3f9 elementor-widget-divider--separator-type-pattern elementor-widget-divider--no-spacing elementor-widget-divider--view-line elementor-widget elementor-widget-divider\" data-id=\"331e3f9\" data-element_type=\"widget\" data-widget_type=\"divider.default\">\n\t\t\t\t<div class=\"elementor-widget-container\">\n\t\t\t\t\t\t\t<div class=\"elementor-divider\" style=\"--divider-pattern-url: url(&quot;data:image\/svg+xml,%3Csvg xmlns=&#039;http:\/\/www.w3.org\/2000\/svg&#039; preserveAspectRatio=&#039;xMidYMid meet&#039; overflow=&#039;visible&#039; height=&#039;100%&#039; viewBox=&#039;0 0 126 26&#039; fill=&#039;black&#039; stroke=&#039;none&#039;%3E%3Cpath d=&#039;M3,10.2c2.6,0,2.6,2,2.6,3.2S4.4,16.5,3,16.5s-3-1.4-3-3.2S0.4,10.2,3,10.2z M18.8,10.2c1.7,0,3.2,1.4,3.2,3.2s-1.4,3.2-3.2,3.2c-1.7,0-3.2-1.4-3.2-3.2S17,10.2,18.8,10.2z M34.6,10.2c1.5,0,2.6,1.4,2.6,3.2s-0.5,3.2-1.9,3.2c-1.5,0-3.4-1.4-3.4-3.2S33.1,10.2,34.6,10.2z M50.5,10.2c1.7,0,3.2,1.4,3.2,3.2s-1.4,3.2-3.2,3.2c-1.7,0-3.3-0.9-3.3-2.6S48.7,10.2,50.5,10.2z M66.2,10.2c1.5,0,3.4,1.4,3.4,3.2s-1.9,3.2-3.4,3.2c-1.5,0-2.6-0.4-2.6-2.1S64.8,10.2,66.2,10.2z M82.2,10.2c1.7,0.8,2.6,1.4,2.6,3.2s-0.1,3.2-1.6,3.2c-1.5,0-3.7-1.4-3.7-3.2S80.5,9.4,82.2,10.2zM98.6,10.2c1.5,0,2.6,0.4,2.6,2.1s-1.2,4.2-2.6,4.2c-1.5,0-3.7-0.4-3.7-2.1S97.1,10.2,98.6,10.2z M113.4,10.2c1.2,0,2.2,0.9,2.2,3.2s-0.1,3.2-1.3,3.2s-3.1-1.4-3.1-3.2S112.2,10.2,113.4,10.2z&#039;\/%3E%3C\/svg%3E&quot;);\">\n\t\t\t<span class=\"elementor-divider-separator\">\n\t\t\t\t\t\t<\/span>\n\t\t<\/div>\n\t\t\t\t\t\t<\/div>\n\t\t\t\t<\/div>\n\t\t\t\t<\/div>\n\t\t\t\t<\/div>\n\t\t","protected":false},"excerpt":{"rendered":"<p>Ma charte de d\u00e9ontologie de coach professionnel Retour accueil Prendre rdv<\/p>\n","protected":false},"author":1,"featured_media":0,"parent":0,"menu_order":0,"comment_status":"closed","ping_status":"closed","template":"elementor_header_footer","meta":{"_monsterinsights_skip_tracking":false,"_monsterinsights_sitenote_active":false,"_monsterinsights_sitenote_note":"","_monsterinsights_sitenote_category":0,"site-sidebar-layout":"default","site-content-layout":"","ast-site-content-layout":"default","site-content-style":"default","site-sidebar-style":"default","ast-global-header-display":"","ast-banner-title-visibility":"","ast-main-header-display":"","ast-hfb-above-header-display":"","ast-hfb-below-header-display":"","ast-hfb-mobile-header-display":"","site-post-title":"","ast-breadcrumbs-content":"","ast-featured-img":"","footer-sml-layout":"","ast-disable-related-posts":"","theme-transparent-header-meta":"","adv-header-id-meta":"","stick-header-meta":"","header-above-stick-meta":"","header-main-stick-meta":"","header-below-stick-meta":"","astra-migrate-meta-layouts":"default","ast-page-background-enabled":"default","ast-page-background-meta":{"desktop":{"background-color":"var(--ast-global-color-4)","background-image":"","background-repeat":"repeat","background-position":"center center","background-size":"auto","background-attachment":"scroll","background-type":"","background-media":"","overlay-type":"","overlay-color":"","overlay-opacity":"","overlay-gradient":""},"tablet":{"background-color":"","background-image":"","background-repeat":"repeat","background-position":"center center","background-size":"auto","background-attachment":"scroll","background-type":"","background-media":"","overlay-type":"","overlay-color":"","overlay-opacity":"","overlay-gradient":""},"mobile":{"background-color":"","background-image":"","background-repeat":"repeat","background-position":"center center","background-size":"auto","background-attachment":"scroll","background-type":"","background-media":"","overlay-type":"","overlay-color":"","overlay-opacity":"","overlay-gradient":""}},"ast-content-background-meta":{"desktop":{"background-color":"var(--ast-global-color-5)","background-image":"","background-repeat":"repeat","background-position":"center center","background-size":"auto","background-attachment":"scroll","background-type":"","background-media":"","overlay-type":"","overlay-color":"","overlay-opacity":"","overlay-gradient":""},"tablet":{"background-color":"var(--ast-global-color-5)","background-image":"","background-repeat":"repeat","background-position":"center center","background-size":"auto","background-attachment":"scroll","background-type":"","background-media":"","overlay-type":"","overlay-color":"","overlay-opacity":"","overlay-gradient":""},"mobile":{"background-color":"var(--ast-global-color-5)","background-image":"","background-repeat":"repeat","background-position":"center center","background-size":"auto","background-attachment":"scroll","background-type":"","background-media":"","overlay-type":"","overlay-color":"","overlay-opacity":"","overlay-gradient":""}},"footnotes":""},"class_list":["post-661","page","type-page","status-publish","hentry"],"yoast_head":"<!-- This site is optimized with the Yoast SEO plugin v25.4 - https:\/\/yoast.com\/wordpress\/plugins\/seo\/ -->\n<title>Charte de d\u00e9ontologie - Soluce Coaching<\/title>\n<meta name=\"description\" content=\"En tant que coach professionnel, je m\u2019engage \u00e0 respecter une charte de d\u00e9ontologie qui garantit la qualit\u00e9 et l\u2019\u00e9thique de mes prestations de coaching, contactez Soluce Coaching pour plus de renseignements\" \/>\n<meta name=\"robots\" content=\"index, follow, max-snippet:-1, max-image-preview:large, max-video-preview:-1\" \/>\n<link rel=\"canonical\" href=\"https:\/\/soluce-coaching.com\/index.php\/charte-de-deontologie\/\" \/>\n<meta property=\"og:locale\" content=\"fr_FR\" \/>\n<meta property=\"og:type\" content=\"article\" \/>\n<meta property=\"og:title\" content=\"Charte de d\u00e9ontologie - Soluce Coaching\" \/>\n<meta property=\"og:description\" content=\"En tant que coach professionnel, je m\u2019engage \u00e0 respecter une charte de d\u00e9ontologie qui garantit la qualit\u00e9 et l\u2019\u00e9thique de mes prestations de coaching, contactez Soluce Coaching pour plus de renseignements\" \/>\n<meta property=\"og:url\" content=\"https:\/\/soluce-coaching.com\/index.php\/charte-de-deontologie\/\" \/>\n<meta property=\"og:site_name\" content=\"Soluce Coaching\" \/>\n<meta property=\"article:publisher\" content=\"https:\/\/www.facebook.com\/profile.php?id=61550918455374\" \/>\n<meta property=\"article:modified_time\" content=\"2025-04-02T08:59:22+00:00\" \/>\n<meta property=\"og:image\" content=\"https:\/\/soluce-coaching.com\/wp-content\/uploads\/2024\/05\/Charte-de-deontologie.webp\" \/>\n\t<meta property=\"og:image:width\" content=\"1357\" \/>\n\t<meta property=\"og:image:height\" content=\"1920\" \/>\n\t<meta property=\"og:image:type\" content=\"image\/webp\" \/>\n<meta name=\"twitter:card\" content=\"summary_large_image\" \/>\n<meta name=\"twitter:label1\" content=\"Dur\u00e9e de lecture estim\u00e9e\" \/>\n\t<meta name=\"twitter:data1\" content=\"1 minute\" \/>\n<script type=\"application\/ld+json\" class=\"yoast-schema-graph\">{\"@context\":\"https:\/\/schema.org\",\"@graph\":[{\"@type\":\"WebPage\",\"@id\":\"https:\/\/soluce-coaching.com\/index.php\/charte-de-deontologie\/\",\"url\":\"https:\/\/soluce-coaching.com\/index.php\/charte-de-deontologie\/\",\"name\":\"Charte de d\u00e9ontologie - Soluce Coaching\",\"isPartOf\":{\"@id\":\"https:\/\/soluce-coaching.com\/#website\"},\"primaryImageOfPage\":{\"@id\":\"https:\/\/soluce-coaching.com\/index.php\/charte-de-deontologie\/#primaryimage\"},\"image\":{\"@id\":\"https:\/\/soluce-coaching.com\/index.php\/charte-de-deontologie\/#primaryimage\"},\"thumbnailUrl\":\"https:\/\/soluce-coaching.com\/wp-content\/uploads\/2024\/05\/Charte-de-deontologie-724x1024.webp\",\"datePublished\":\"2023-07-15T13:12:34+00:00\",\"dateModified\":\"2025-04-02T08:59:22+00:00\",\"description\":\"En tant que coach professionnel, je m\u2019engage \u00e0 respecter une charte de d\u00e9ontologie qui garantit la qualit\u00e9 et l\u2019\u00e9thique de mes prestations de coaching, contactez Soluce Coaching pour plus de renseignements\",\"breadcrumb\":{\"@id\":\"https:\/\/soluce-coaching.com\/index.php\/charte-de-deontologie\/#breadcrumb\"},\"inLanguage\":\"fr-FR\",\"potentialAction\":[{\"@type\":\"ReadAction\",\"target\":[\"https:\/\/soluce-coaching.com\/index.php\/charte-de-deontologie\/\"]}]},{\"@type\":\"ImageObject\",\"inLanguage\":\"fr-FR\",\"@id\":\"https:\/\/soluce-coaching.com\/index.php\/charte-de-deontologie\/#primaryimage\",\"url\":\"https:\/\/soluce-coaching.com\/wp-content\/uploads\/2024\/05\/Charte-de-deontologie.webp\",\"contentUrl\":\"https:\/\/soluce-coaching.com\/wp-content\/uploads\/2024\/05\/Charte-de-deontologie.webp\",\"width\":1357,\"height\":1920,\"caption\":\"Ma charte de d\u00e9ontologie\"},{\"@type\":\"BreadcrumbList\",\"@id\":\"https:\/\/soluce-coaching.com\/index.php\/charte-de-deontologie\/#breadcrumb\",\"itemListElement\":[{\"@type\":\"ListItem\",\"position\":1,\"name\":\"Accueil\",\"item\":\"https:\/\/soluce-coaching.com\/\"},{\"@type\":\"ListItem\",\"position\":2,\"name\":\"Charte de d\u00e9ontologie\"}]},{\"@type\":\"WebSite\",\"@id\":\"https:\/\/soluce-coaching.com\/#website\",\"url\":\"https:\/\/soluce-coaching.com\/\",\"name\":\"Soluce Coaching\",\"description\":\"Lib\u00e9rez votre potentiel &amp; boostez votre r\u00e9ussite\",\"publisher\":{\"@id\":\"https:\/\/soluce-coaching.com\/#\/schema\/person\/0461aad79d002ff1b0e93a17d5cf8c27\"},\"potentialAction\":[{\"@type\":\"SearchAction\",\"target\":{\"@type\":\"EntryPoint\",\"urlTemplate\":\"https:\/\/soluce-coaching.com\/?s={search_term_string}\"},\"query-input\":{\"@type\":\"PropertyValueSpecification\",\"valueRequired\":true,\"valueName\":\"search_term_string\"}}],\"inLanguage\":\"fr-FR\"},{\"@type\":[\"Person\",\"Organization\"],\"@id\":\"https:\/\/soluce-coaching.com\/#\/schema\/person\/0461aad79d002ff1b0e93a17d5cf8c27\",\"name\":\"Lola MONACO\",\"image\":{\"@type\":\"ImageObject\",\"inLanguage\":\"fr-FR\",\"@id\":\"https:\/\/soluce-coaching.com\/#\/schema\/person\/image\/\",\"url\":\"https:\/\/secure.gravatar.com\/avatar\/201ece42aa72779c95e67d18a1759babea7939578ad5644110f53c5ff5d0d3c6?s=96&d=mm&r=g\",\"contentUrl\":\"https:\/\/secure.gravatar.com\/avatar\/201ece42aa72779c95e67d18a1759babea7939578ad5644110f53c5ff5d0d3c6?s=96&d=mm&r=g\",\"caption\":\"Lola MONACO\"},\"logo\":{\"@id\":\"https:\/\/soluce-coaching.com\/#\/schema\/person\/image\/\"},\"sameAs\":[\"http:\/\/soluce-coaching.com\",\"https:\/\/www.facebook.com\/profile.php?id=61550918455374\",\"https:\/\/www.instagram.com\/solucecoaching\/\",\"https:\/\/fr.linkedin.com\/company\/soluce-coaching?trk=public_post_feed-actor-name\"]}]}<\/script>\n<!-- \/ Yoast SEO plugin. -->","yoast_head_json":{"title":"Charte de d\u00e9ontologie - Soluce Coaching","description":"En tant que coach professionnel, je m\u2019engage \u00e0 respecter une charte de d\u00e9ontologie qui garantit la qualit\u00e9 et l\u2019\u00e9thique de mes prestations de coaching, contactez Soluce Coaching pour plus de renseignements","robots":{"index":"index","follow":"follow","max-snippet":"max-snippet:-1","max-image-preview":"max-image-preview:large","max-video-preview":"max-video-preview:-1"},"canonical":"https:\/\/soluce-coaching.com\/index.php\/charte-de-deontologie\/","og_locale":"fr_FR","og_type":"article","og_title":"Charte de d\u00e9ontologie - Soluce Coaching","og_description":"En tant que coach professionnel, je m\u2019engage \u00e0 respecter une charte de d\u00e9ontologie qui garantit la qualit\u00e9 et l\u2019\u00e9thique de mes prestations de coaching, contactez Soluce Coaching pour plus de renseignements","og_url":"https:\/\/soluce-coaching.com\/index.php\/charte-de-deontologie\/","og_site_name":"Soluce Coaching","article_publisher":"https:\/\/www.facebook.com\/profile.php?id=61550918455374","article_modified_time":"2025-04-02T08:59:22+00:00","og_image":[{"width":1357,"height":1920,"url":"https:\/\/soluce-coaching.com\/wp-content\/uploads\/2024\/05\/Charte-de-deontologie.webp","type":"image\/webp"}],"twitter_card":"summary_large_image","twitter_misc":{"Dur\u00e9e de lecture estim\u00e9e":"1 minute"},"schema":{"@context":"https:\/\/schema.org","@graph":[{"@type":"WebPage","@id":"https:\/\/soluce-coaching.com\/index.php\/charte-de-deontologie\/","url":"https:\/\/soluce-coaching.com\/index.php\/charte-de-deontologie\/","name":"Charte de d\u00e9ontologie - Soluce Coaching","isPartOf":{"@id":"https:\/\/soluce-coaching.com\/#website"},"primaryImageOfPage":{"@id":"https:\/\/soluce-coaching.com\/index.php\/charte-de-deontologie\/#primaryimage"},"image":{"@id":"https:\/\/soluce-coaching.com\/index.php\/charte-de-deontologie\/#primaryimage"},"thumbnailUrl":"https:\/\/soluce-coaching.com\/wp-content\/uploads\/2024\/05\/Charte-de-deontologie-724x1024.webp","datePublished":"2023-07-15T13:12:34+00:00","dateModified":"2025-04-02T08:59:22+00:00","description":"En tant que coach professionnel, je m\u2019engage \u00e0 respecter une charte de d\u00e9ontologie qui garantit la qualit\u00e9 et l\u2019\u00e9thique de mes prestations de coaching, contactez Soluce Coaching pour plus de renseignements","breadcrumb":{"@id":"https:\/\/soluce-coaching.com\/index.php\/charte-de-deontologie\/#breadcrumb"},"inLanguage":"fr-FR","potentialAction":[{"@type":"ReadAction","target":["https:\/\/soluce-coaching.com\/index.php\/charte-de-deontologie\/"]}]},{"@type":"ImageObject","inLanguage":"fr-FR","@id":"https:\/\/soluce-coaching.com\/index.php\/charte-de-deontologie\/#primaryimage","url":"https:\/\/soluce-coaching.com\/wp-content\/uploads\/2024\/05\/Charte-de-deontologie.webp","contentUrl":"https:\/\/soluce-coaching.com\/wp-content\/uploads\/2024\/05\/Charte-de-deontologie.webp","width":1357,"height":1920,"caption":"Ma charte de d\u00e9ontologie"},{"@type":"BreadcrumbList","@id":"https:\/\/soluce-coaching.com\/index.php\/charte-de-deontologie\/#breadcrumb","itemListElement":[{"@type":"ListItem","position":1,"name":"Accueil","item":"https:\/\/soluce-coaching.com\/"},{"@type":"ListItem","position":2,"name":"Charte de d\u00e9ontologie"}]},{"@type":"WebSite","@id":"https:\/\/soluce-coaching.com\/#website","url":"https:\/\/soluce-coaching.com\/","name":"Soluce Coaching","description":"Lib\u00e9rez votre potentiel &amp; boostez votre r\u00e9ussite","publisher":{"@id":"https:\/\/soluce-coaching.com\/#\/schema\/person\/0461aad79d002ff1b0e93a17d5cf8c27"},"potentialAction":[{"@type":"SearchAction","target":{"@type":"EntryPoint","urlTemplate":"https:\/\/soluce-coaching.com\/?s={search_term_string}"},"query-input":{"@type":"PropertyValueSpecification","valueRequired":true,"valueName":"search_term_string"}}],"inLanguage":"fr-FR"},{"@type":["Person","Organization"],"@id":"https:\/\/soluce-coaching.com\/#\/schema\/person\/0461aad79d002ff1b0e93a17d5cf8c27","name":"Lola MONACO","image":{"@type":"ImageObject","inLanguage":"fr-FR","@id":"https:\/\/soluce-coaching.com\/#\/schema\/person\/image\/","url":"https:\/\/secure.gravatar.com\/avatar\/201ece42aa72779c95e67d18a1759babea7939578ad5644110f53c5ff5d0d3c6?s=96&d=mm&r=g","contentUrl":"https:\/\/secure.gravatar.com\/avatar\/201ece42aa72779c95e67d18a1759babea7939578ad5644110f53c5ff5d0d3c6?s=96&d=mm&r=g","caption":"Lola MONACO"},"logo":{"@id":"https:\/\/soluce-coaching.com\/#\/schema\/person\/image\/"},"sameAs":["http:\/\/soluce-coaching.com","https:\/\/www.facebook.com\/profile.php?id=61550918455374","https:\/\/www.instagram.com\/solucecoaching\/","https:\/\/fr.linkedin.com\/company\/soluce-coaching?trk=public_post_feed-actor-name"]}]}},"_links":{"self":[{"href":"https:\/\/soluce-coaching.com\/index.php\/wp-json\/wp\/v2\/pages\/661","targetHints":{"allow":["GET"]}}],"collection":[{"href":"https:\/\/soluce-coaching.com\/index.php\/wp-json\/wp\/v2\/pages"}],"about":[{"href":"https:\/\/soluce-coaching.com\/index.php\/wp-json\/wp\/v2\/types\/page"}],"author":[{"embeddable":true,"href":"https:\/\/soluce-coaching.com\/index.php\/wp-json\/wp\/v2\/users\/1"}],"replies":[{"embeddable":true,"href":"https:\/\/soluce-coaching.com\/index.php\/wp-json\/wp\/v2\/comments?post=661"}],"version-history":[{"count":55,"href":"https:\/\/soluce-coaching.com\/index.php\/wp-json\/wp\/v2\/pages\/661\/revisions"}],"predecessor-version":[{"id":4296,"href":"https:\/\/soluce-coaching.com\/index.php\/wp-json\/wp\/v2\/pages\/661\/revisions\/4296"}],"wp:attachment":[{"href":"https:\/\/soluce-coaching.com\/index.php\/wp-json\/wp\/v2\/media?parent=661"}],"curies":[{"name":"wp","href":"https:\/\/api.w.org\/{rel}","templated":true}]}}